{"id":375,"date":"2023-06-06T19:06:12","date_gmt":"2023-06-06T19:06:12","guid":{"rendered":"https:\/\/gomeracorazonverde.com\/?page_id=375"},"modified":"2025-09-22T15:58:25","modified_gmt":"2025-09-22T15:58:25","slug":"mapa-del-sitio-web","status":"publish","type":"page","link":"https:\/\/gomeracorazonverde.com\/de\/mapa-del-sitio-web\/","title":{"rendered":"Mapa del Sitio Web"},"content":{"rendered":"<p>[et_pb_section fb_built=\u00bb1&#8243; _builder_version=\u00bb4.21.0&#8243; _module_preset=\u00bbdefault\u00bb global_colors_info=\u00bb{}\u00bb][et_pb_row _builder_version=\u00bb4.21.0&#8243; _module_preset=\u00bbdefault\u00bb global_colors_info=\u00bb{}\u00bb][et_pb_column type=\u00bb4_4&#8243; _builder_version=\u00bb4.21.0&#8243; _module_preset=\u00bbdefault\u00bb global_colors_info=\u00bb{}\u00bb][et_pb_text _builder_version=\u00bb4.27.4&#8243; _module_preset=\u00bbdefault\u00bb hover_enabled=\u00bb0&#8243; global_colors_info=\u00bb{}\u00bb sticky_enabled=\u00bb0&#8243;]<\/p>\n<h1>Mapa del Sitio Web<\/h1>\n<ul>\n<li><a href=\"https:\/\/gomeracorazonverde.com\/\" title=\"Ir a la p\u00e1gina de inicio\" role=\"link\">Inicio<\/a><\/li>\n<li><a href=\"https:\/\/gomeracorazonverde.com\/actividades\/\" title=\"Ir a la p\u00e1gina de actividades\" role=\"link\">Actividades<\/a>\n<ul>\n<li><a href=\"https:\/\/gomeracorazonverde.com\/finca-higueras-canarias\/\" title=\"Pagina Finca Higueras Canarias\">Finca Higueras Canarias<\/a><\/li>\n<li><a href=\"https:\/\/gomeracorazonverde.com\/prepara-mojo-canario\/\" title=\"Ir a la p\u00e1gina de prepara mojo canario\" role=\"link\">Prepara mojo canario<\/a><\/li>\n<li><a href=\"https:\/\/gomeracorazonverde.com\/teje-una-cesta\/\" title=\"ir a p\u00e1gina teje una cesta\">Teje una canasta<\/a><\/li>\n<li><a href=\"https:\/\/gomeracorazonverde.com\/reserva-tu-botanico\/\" title=\"ir a la p\u00e1gina reserva tu bot\u00e1nico\">Reserva tu bot\u00e1nico<\/a><\/li>\n<li><a href=\"https:\/\/gomeracorazonverde.com\/locion-aloe-vera\/\"><\/a><a href=\"https:\/\/gomeracorazonverde.com\/locion-aloe-vera\/\" title=\"ir a p\u00e1gina loci\u00f3n aloe vera\">Loci\u00f3n aloe vera<\/a><\/li>\n<li><a href=\"https:\/\/gomeracorazonverde.com\/semana-empoderamiento\/\" title=\"ir a p\u00e1gina semana empoderamiento\">Semana empoderamiento<\/a><\/li>\n<\/ul>\n<\/li>\n<li><a href=\"https:\/\/gomeracorazonverde.com\/sobre-mi\/\" title=\"ir a p\u00e1gina de sobre mi\">Sobre m\u00ed<\/a><\/li>\n<li><a href=\"https:\/\/gomeracorazonverde.com\/contacto\/\" title=\"ir a p\u00e1gina de contacto\">Contacto<\/a><\/li>\n<li><a href=\"https:\/\/gomeracorazonverde.com\/aviso-legal\/\" title=\"Ir a la p\u00e1gina del aviso legal\">Aviso Legal<\/a><\/li>\n<li><a href=\"https:\/\/gomeracorazonverde.com\/politica-de-privacidad\/\" title=\"Ir a la p\u00e1gina de pol\u00edtica de privacidad\">Pol\u00edtica de Privacidad<\/a><\/li>\n<li><a href=\"https:\/\/gomeracorazonverde.com\/politica-de-cookies\/\" title=\"Ir a la p\u00e1gina de pol\u00edtica de cookies\">Pol\u00edtica de Cookies<\/a><\/li>\n<li><a href=\"https:\/\/gomeracorazonverde.com\/accesibilidad\/\" title=\"Ir a la p\u00e1gina de accesibilidad\">Accesibilidad<\/a><\/li>\n<li><a href=\"https:\/\/gomeracorazonverde.com\/mapa-del-sitio-web\/\" title=\"Ir a la p\u00e1gina de mapa del sitio web\">Mapa del Sitio Web<\/a><\/li>\n<\/ul>\n<p>[\/et_pb_text][\/et_pb_column][\/et_pb_row][\/et_pb_section][et_pb_section fb_built=\u00bb1&#8243; _builder_version=\u00bb4.20.1&#8243; global_module=\u00bb42&#8243; global_colors_info=\u00bb{}\u00bb][et_pb_row _builder_version=\u00bb4.20.1&#8243; background_color=\u00bb#000000&#8243; background_size=\u00bbinitial\u00bb background_position=\u00bbtop_left\u00bb background_repeat=\u00bbrepeat\u00bb custom_padding=\u00bb0px||0px||true|false\u00bb global_colors_info=\u00bb{}\u00bb][et_pb_column type=\u00bb4_4&#8243; _builder_version=\u00bb4.20.1&#8243; _module_preset=\u00bbdefault\u00bb global_colors_info=\u00bb{}\u00bb][et_pb_text _builder_version=\u00bb4.20.1&#8243; _module_preset=\u00bbdefault\u00bb text_font=\u00bb|600||on|||||\u00bb text_text_color=\u00bb#FFFFFF\u00bb text_line_height=\u00bb1.6em\u00bb text_orientation=\u00bbcenter\u00bb text_font_size_tablet=\u00bb14px\u00bb text_font_size_phone=\u00bb12px\u00bb text_font_size_last_edited=\u00bbon|phone\u00bb text_line_height_tablet=\u00bb1.4em\u00bb text_line_height_phone=\u00bb1.4em\u00bb text_line_height_last_edited=\u00bbon|phone\u00bb global_colors_info=\u00bb{}\u00bb]<\/p>\n<p>Financiado por la Uni\u00f3n Europea con el Programa Kit Digital por los Fondos Next Generation (EU) del Mecanismo de Recuperaci\u00f3n y Resiliencia<\/p>\n<p>[\/et_pb_text][\/et_pb_column][\/et_pb_row][et_pb_row column_structure=\u00bb1_4,1_4,1_4,1_4&#8243; use_custom_gutter=\u00bbon\u00bb gutter_width=\u00bb2&#8243; make_equal=\u00bbon\u00bb disabled_on=\u00bboff|off|on\u00bb module_class=\u00bbsd-kd-logos\u00bb _builder_version=\u00bb4.20.1&#8243; _module_preset=\u00bbdefault\u00bb width_tablet=\u00bb\u00bb width_phone=\u00bb\u00bb width_last_edited=\u00bbon|desktop\u00bb module_alignment=\u00bbcenter\u00bb custom_padding=\u00bb10px||10px||true|false\u00bb global_colors_info=\u00bb{}\u00bb width__hover_enabled=\u00bbon|desktop\u00bb][et_pb_column type=\u00bb1_4&#8243; _builder_version=\u00bb4.20.1&#8243; _module_preset=\u00bbdefault\u00bb global_colors_info=\u00bb{}\u00bb][et_pb_image src=\u00bbhttps:\/\/gomeracorazonverde.com\/wp-content\/uploads\/2023\/03\/logo-kd-financia-unioneuropea.jpg\u00bb alt=\u00bbFinanciado por la Uni\u00f3n Europea. Next Generation (EU)\u00bb title_text=\u00bbFinanciado por la Uni\u00f3n Europea. Next Generation (EU)\u00bb module_class=\u00bbsd-kd-col1&#8243; _builder_version=\u00bb4.20.1&#8243; _module_preset=\u00bbdefault\u00bb global_colors_info=\u00bb{}\u00bb][\/et_pb_image][\/et_pb_column][et_pb_column type=\u00bb1_4&#8243; _builder_version=\u00bb4.20.1&#8243; _module_preset=\u00bbdefault\u00bb global_colors_info=\u00bb{}\u00bb][et_pb_image src=\u00bbhttps:\/\/gomeracorazonverde.com\/wp-content\/uploads\/2023\/03\/logo-kd-gobierno-spain.jpg\u00bb alt=\u00bbGobierno de Espa\u00f1a\u00bb title_text=\u00bbGobierno de Espa\u00f1a\u00bb show_bottom_space=\u00bboff\u00bb align=\u00bbcenter\u00bb module_class=\u00bbsd-kd-col2&#8243; _builder_version=\u00bb4.20.1&#8243; _module_preset=\u00bbdefault\u00bb custom_padding=\u00bb||||false|false\u00bb custom_padding_tablet=\u00bb18px||||false|false\u00bb custom_padding_phone=\u00bb0px||||false|false\u00bb custom_padding_last_edited=\u00bbon|desktop\u00bb global_colors_info=\u00bb{}\u00bb][\/et_pb_image][\/et_pb_column][et_pb_column type=\u00bb1_4&#8243; _builder_version=\u00bb4.20.1&#8243; _module_preset=\u00bbdefault\u00bb global_colors_info=\u00bb{}\u00bb][et_pb_image src=\u00bbhttps:\/\/gomeracorazonverde.com\/wp-content\/uploads\/2023\/03\/logo-kd-prtr.jpg\u00bb alt=\u00bbPlan de Recuperaci\u00f3n, Transformaci\u00f3n y Resiliencia\u00bb title_text=\u00bbPlan de Recuperaci\u00f3n, Transformaci\u00f3n y Resiliencia\u00bb module_class=\u00bbsd-kd-col3&#8243; _builder_version=\u00bb4.20.1&#8243; _module_preset=\u00bbdefault\u00bb global_colors_info=\u00bb{}\u00bb][\/et_pb_image][\/et_pb_column][et_pb_column type=\u00bb1_4&#8243; _builder_version=\u00bb4.20.1&#8243; _module_preset=\u00bbdefault\u00bb global_colors_info=\u00bb{}\u00bb][et_pb_image src=\u00bbhttps:\/\/gomeracorazonverde.com\/wp-content\/uploads\/2023\/03\/logo-kd-redes.jpg\u00bb alt=\u00bbred.es &#8211; Kit Digital\u00bb title_text=\u00bbred.es &#8211; Kit Digital\u00bb module_class=\u00bbsd-kd-col4&#8243; _builder_version=\u00bb4.20.1&#8243; _module_preset=\u00bbdefault\u00bb global_colors_info=\u00bb{}\u00bb][\/et_pb_image][\/et_pb_column][\/et_pb_row][et_pb_row use_custom_gutter=\u00bbon\u00bb gutter_width=\u00bb2&#8243; make_equal=\u00bbon\u00bb disabled_on=\u00bbon|on|off\u00bb module_class=\u00bbsd-kd-logos\u00bb _builder_version=\u00bb4.20.1&#8243; _module_preset=\u00bbdefault\u00bb width_tablet=\u00bb\u00bb width_phone=\u00bb\u00bb width_last_edited=\u00bbon|desktop\u00bb module_alignment=\u00bbcenter\u00bb custom_padding=\u00bb10px||10px||true|false\u00bb global_colors_info=\u00bb{}\u00bb width__hover_enabled=\u00bbon|desktop\u00bb][et_pb_column type=\u00bb4_4&#8243; _builder_version=\u00bb4.20.1&#8243; _module_preset=\u00bbdefault\u00bb global_colors_info=\u00bb{}\u00bb][et_pb_image src=\u00bbhttps:\/\/gomeracorazonverde.com\/wp-content\/uploads\/2023\/03\/logos-financia-kitdigital.jpg\u00bb alt=\u00bbFinanciado por la Uni\u00f3n Europea con el Programa Kit Digital por los Fondos Next Generation (EU) del Mecanismo de Recuperaci\u00f3n y Resiliencia\u00bb title_text=\u00bbFinanciado por la Uni\u00f3n Europea con el Programa Kit Digital por los Fondos Next Generation (EU) del Mecanismo de Recuperaci\u00f3n y Resiliencia\u00bb _builder_version=\u00bb4.20.1&#8243; _module_preset=\u00bbdefault\u00bb global_colors_info=\u00bb{}\u00bb][\/et_pb_image][\/et_pb_column][\/et_pb_row][\/et_pb_section]<\/p>\n","protected":false},"excerpt":{"rendered":"<p>Mapa del Sitio Web Inicio Actividades Finca Higueras Canarias Prepara mojo canario Teje una canasta Reserva tu bot\u00e1nico Loci\u00f3n aloe vera Semana empoderamiento Sobre m\u00ed Contacto Aviso Legal Pol\u00edtica de Privacidad Pol\u00edtica de Cookies Accesibilidad Mapa del Sitio Web Financiado por la Uni\u00f3n Europea con el Programa Kit Digital por los Fondos Next Generation (EU) [&hellip;]<\/p>\n","protected":false},"author":2,"featured_media":0,"parent":0,"menu_order":0,"comment_status":"closed","ping_status":"closed","template":"","meta":{"_et_pb_use_builder":"on","_et_pb_old_content":"","_et_gb_content_width":"","footnotes":""},"class_list":["post-375","page","type-page","status-publish","hentry"],"yoast_head":"<!-- This site is optimized with the Yoast SEO plugin v27.6 - https:\/\/yoast.com\/product\/yoast-seo-wordpress\/ -->\n<title>Mapa del Sitio Web - Gomera coraz\u00f3n verde<\/title>\n<meta name=\"robots\" content=\"index, follow, max-snippet:-1, max-image-preview:large, max-video-preview:-1\" \/>\n<link rel=\"canonical\" href=\"https:\/\/gomeracorazonverde.com\/de\/mapa-del-sitio-web\/\" \/>\n<meta property=\"og:locale\" content=\"de_DE\" \/>\n<meta property=\"og:type\" content=\"article\" \/>\n<meta property=\"og:title\" content=\"Mapa del Sitio Web - Gomera coraz\u00f3n verde\" \/>\n<meta property=\"og:description\" content=\"Mapa del Sitio Web Inicio Actividades Finca Higueras Canarias Prepara mojo canario Teje una canasta Reserva tu bot\u00e1nico Loci\u00f3n aloe vera Semana empoderamiento Sobre m\u00ed Contacto Aviso Legal Pol\u00edtica de Privacidad Pol\u00edtica de Cookies Accesibilidad Mapa del Sitio Web Financiado por la Uni\u00f3n Europea con el Programa Kit Digital por los Fondos Next Generation (EU) [&hellip;]\" \/>\n<meta property=\"og:url\" content=\"https:\/\/gomeracorazonverde.com\/de\/mapa-del-sitio-web\/\" \/>\n<meta property=\"og:site_name\" content=\"Gomera coraz\u00f3n verde\" \/>\n<meta property=\"article:publisher\" content=\"https:\/\/www.facebook.com\/profile.php?id=100089764352967\" \/>\n<meta property=\"article:modified_time\" content=\"2025-09-22T15:58:25+00:00\" \/>\n<meta property=\"og:image\" content=\"https:\/\/gomeracorazonverde.com\/wp-content\/uploads\/2023\/06\/logomenu.jpg\" \/>\n\t<meta property=\"og:image:width\" content=\"272\" \/>\n\t<meta property=\"og:image:height\" content=\"100\" \/>\n\t<meta property=\"og:image:type\" content=\"image\/jpeg\" \/>\n<meta name=\"twitter:card\" content=\"summary_large_image\" \/>\n<script type=\"application\/ld+json\" class=\"yoast-schema-graph\">{\"@context\":\"https:\\\/\\\/schema.org\",\"@graph\":[{\"@type\":\"WebPage\",\"@id\":\"https:\\\/\\\/gomeracorazonverde.com\\\/mapa-del-sitio-web\\\/\",\"url\":\"https:\\\/\\\/gomeracorazonverde.com\\\/mapa-del-sitio-web\\\/\",\"name\":\"Mapa del Sitio Web - Gomera coraz\u00f3n verde\",\"isPartOf\":{\"@id\":\"https:\\\/\\\/gomeracorazonverde.com\\\/#website\"},\"datePublished\":\"2023-06-06T19:06:12+00:00\",\"dateModified\":\"2025-09-22T15:58:25+00:00\",\"breadcrumb\":{\"@id\":\"https:\\\/\\\/gomeracorazonverde.com\\\/mapa-del-sitio-web\\\/#breadcrumb\"},\"inLanguage\":\"de\",\"potentialAction\":[{\"@type\":\"ReadAction\",\"target\":[\"https:\\\/\\\/gomeracorazonverde.com\\\/mapa-del-sitio-web\\\/\"]}]},{\"@type\":\"BreadcrumbList\",\"@id\":\"https:\\\/\\\/gomeracorazonverde.com\\\/mapa-del-sitio-web\\\/#breadcrumb\",\"itemListElement\":[{\"@type\":\"ListItem\",\"position\":1,\"name\":\"Inicio\",\"item\":\"https:\\\/\\\/gomeracorazonverde.com\\\/\"},{\"@type\":\"ListItem\",\"position\":2,\"name\":\"Mapa del Sitio Web\"}]},{\"@type\":\"WebSite\",\"@id\":\"https:\\\/\\\/gomeracorazonverde.com\\\/#website\",\"url\":\"https:\\\/\\\/gomeracorazonverde.com\\\/\",\"name\":\"Gomera coraz\u00f3n verde\",\"description\":\"Talleres\",\"publisher\":{\"@id\":\"https:\\\/\\\/gomeracorazonverde.com\\\/#organization\"},\"potentialAction\":[{\"@type\":\"SearchAction\",\"target\":{\"@type\":\"EntryPoint\",\"urlTemplate\":\"https:\\\/\\\/gomeracorazonverde.com\\\/?s={search_term_string}\"},\"query-input\":{\"@type\":\"PropertyValueSpecification\",\"valueRequired\":true,\"valueName\":\"search_term_string\"}}],\"inLanguage\":\"de\"},{\"@type\":\"Organization\",\"@id\":\"https:\\\/\\\/gomeracorazonverde.com\\\/#organization\",\"name\":\"Gomera coraz\u00f3n verde\",\"url\":\"https:\\\/\\\/gomeracorazonverde.com\\\/\",\"logo\":{\"@type\":\"ImageObject\",\"inLanguage\":\"de\",\"@id\":\"https:\\\/\\\/gomeracorazonverde.com\\\/#\\\/schema\\\/logo\\\/image\\\/\",\"url\":\"https:\\\/\\\/gomeracorazonverde.com\\\/wp-content\\\/uploads\\\/2023\\\/06\\\/logomenu.jpg\",\"contentUrl\":\"https:\\\/\\\/gomeracorazonverde.com\\\/wp-content\\\/uploads\\\/2023\\\/06\\\/logomenu.jpg\",\"width\":272,\"height\":100,\"caption\":\"Gomera coraz\u00f3n verde\"},\"image\":{\"@id\":\"https:\\\/\\\/gomeracorazonverde.com\\\/#\\\/schema\\\/logo\\\/image\\\/\"},\"sameAs\":[\"https:\\\/\\\/www.facebook.com\\\/profile.php?id=100089764352967\",\"https:\\\/\\\/www.instagram.com\\\/rural_life_gomera\\\/\"]}]}<\/script>\n<!-- \/ Yoast SEO plugin. -->","yoast_head_json":{"title":"Mapa del Sitio Web - Gomera coraz\u00f3n verde","robots":{"index":"index","follow":"follow","max-snippet":"max-snippet:-1","max-image-preview":"max-image-preview:large","max-video-preview":"max-video-preview:-1"},"canonical":"https:\/\/gomeracorazonverde.com\/de\/mapa-del-sitio-web\/","og_locale":"de_DE","og_type":"article","og_title":"Mapa del Sitio Web - Gomera coraz\u00f3n verde","og_description":"Mapa del Sitio Web Inicio Actividades Finca Higueras Canarias Prepara mojo canario Teje una canasta Reserva tu bot\u00e1nico Loci\u00f3n aloe vera Semana empoderamiento Sobre m\u00ed Contacto Aviso Legal Pol\u00edtica de Privacidad Pol\u00edtica de Cookies Accesibilidad Mapa del Sitio Web Financiado por la Uni\u00f3n Europea con el Programa Kit Digital por los Fondos Next Generation (EU) [&hellip;]","og_url":"https:\/\/gomeracorazonverde.com\/de\/mapa-del-sitio-web\/","og_site_name":"Gomera coraz\u00f3n verde","article_publisher":"https:\/\/www.facebook.com\/profile.php?id=100089764352967","article_modified_time":"2025-09-22T15:58:25+00:00","og_image":[{"width":272,"height":100,"url":"https:\/\/gomeracorazonverde.com\/wp-content\/uploads\/2023\/06\/logomenu.jpg","type":"image\/jpeg"}],"twitter_card":"summary_large_image","schema":{"@context":"https:\/\/schema.org","@graph":[{"@type":"WebPage","@id":"https:\/\/gomeracorazonverde.com\/mapa-del-sitio-web\/","url":"https:\/\/gomeracorazonverde.com\/mapa-del-sitio-web\/","name":"Mapa del Sitio Web - Gomera coraz\u00f3n verde","isPartOf":{"@id":"https:\/\/gomeracorazonverde.com\/#website"},"datePublished":"2023-06-06T19:06:12+00:00","dateModified":"2025-09-22T15:58:25+00:00","breadcrumb":{"@id":"https:\/\/gomeracorazonverde.com\/mapa-del-sitio-web\/#breadcrumb"},"inLanguage":"de","potentialAction":[{"@type":"ReadAction","target":["https:\/\/gomeracorazonverde.com\/mapa-del-sitio-web\/"]}]},{"@type":"BreadcrumbList","@id":"https:\/\/gomeracorazonverde.com\/mapa-del-sitio-web\/#breadcrumb","itemListElement":[{"@type":"ListItem","position":1,"name":"Inicio","item":"https:\/\/gomeracorazonverde.com\/"},{"@type":"ListItem","position":2,"name":"Mapa del Sitio Web"}]},{"@type":"WebSite","@id":"https:\/\/gomeracorazonverde.com\/#website","url":"https:\/\/gomeracorazonverde.com\/","name":"Gomera coraz\u00f3n verde","description":"Talleres","publisher":{"@id":"https:\/\/gomeracorazonverde.com\/#organization"},"potentialAction":[{"@type":"SearchAction","target":{"@type":"EntryPoint","urlTemplate":"https:\/\/gomeracorazonverde.com\/?s={search_term_string}"},"query-input":{"@type":"PropertyValueSpecification","valueRequired":true,"valueName":"search_term_string"}}],"inLanguage":"de"},{"@type":"Organization","@id":"https:\/\/gomeracorazonverde.com\/#organization","name":"Gomera coraz\u00f3n verde","url":"https:\/\/gomeracorazonverde.com\/","logo":{"@type":"ImageObject","inLanguage":"de","@id":"https:\/\/gomeracorazonverde.com\/#\/schema\/logo\/image\/","url":"https:\/\/gomeracorazonverde.com\/wp-content\/uploads\/2023\/06\/logomenu.jpg","contentUrl":"https:\/\/gomeracorazonverde.com\/wp-content\/uploads\/2023\/06\/logomenu.jpg","width":272,"height":100,"caption":"Gomera coraz\u00f3n verde"},"image":{"@id":"https:\/\/gomeracorazonverde.com\/#\/schema\/logo\/image\/"},"sameAs":["https:\/\/www.facebook.com\/profile.php?id=100089764352967","https:\/\/www.instagram.com\/rural_life_gomera\/"]}]}},"_links":{"self":[{"href":"https:\/\/gomeracorazonverde.com\/de\/wp-json\/wp\/v2\/pages\/375","targetHints":{"allow":["GET"]}}],"collection":[{"href":"https:\/\/gomeracorazonverde.com\/de\/wp-json\/wp\/v2\/pages"}],"about":[{"href":"https:\/\/gomeracorazonverde.com\/de\/wp-json\/wp\/v2\/types\/page"}],"author":[{"embeddable":true,"href":"https:\/\/gomeracorazonverde.com\/de\/wp-json\/wp\/v2\/users\/2"}],"replies":[{"embeddable":true,"href":"https:\/\/gomeracorazonverde.com\/de\/wp-json\/wp\/v2\/comments?post=375"}],"version-history":[{"count":5,"href":"https:\/\/gomeracorazonverde.com\/de\/wp-json\/wp\/v2\/pages\/375\/revisions"}],"predecessor-version":[{"id":791,"href":"https:\/\/gomeracorazonverde.com\/de\/wp-json\/wp\/v2\/pages\/375\/revisions\/791"}],"wp:attachment":[{"href":"https:\/\/gomeracorazonverde.com\/de\/wp-json\/wp\/v2\/media?parent=375"}],"curies":[{"name":"wp","href":"https:\/\/api.w.org\/{rel}","templated":true}]}}